{"id":562,"date":"2025-06-26T13:13:05","date_gmt":"2025-06-26T11:13:05","guid":{"rendered":"https:\/\/www.sv-truebswetter.de\/contact\/"},"modified":"2025-11-10T19:16:18","modified_gmt":"2025-11-10T18:16:18","slug":"contact","status":"publish","type":"page","link":"https:\/\/www.sv-truebswetter.de\/en\/contact\/","title":{"rendered":"Contact"},"content":{"rendered":"\r\n\t\t<div  class=\"block-e5dfcdf6-4598-4691-9b00-d5634d0ab4c2 areoi-element container\">\r\n\t\t\t\r\n\t\t\t\n\r\n\t\t<div  class=\"block-457cb90d-58b1-4f0b-bbaf-d1719b046d1b row areoi-element\">\r\n\t\t\t\r\n\r\n\t\t\t\n\r\n\t\t<div  class=\"block-2b46046a-6b7f-4c38-8569-bd03a1d2c2e6 col areoi-element col-lg-8\">\r\n\t\t\t\r\n\t\t\t\n\n<p>Do you have any questions about our services? We are ready to assist you with our extensive experience and expertise. Whether it&#8217;s an assessment or consultation.<\/p>\n\n\n\n<p>We look forward to hearing from you.<\/p>\n\n \r\n\t\t\t\r\n\t\t<\/div>\r\n\t\n \r\n\t\t<\/div>\r\n\t\n \r\n\t\t<\/div>\r\n\t\r\n\t\t<div  class=\"block-f8456e77-fd8c-4f10-8939-cfc9892ba929 areoi-element container\">\r\n\t\t\t\r\n\t\t\t\n\r\n\t\t<div  class=\"block-76b3cde6-2df9-4ad8-a003-38294e298e24 row areoi-element\">\r\n\t\t\t\r\n\r\n\t\t\t\n\r\n\t\t<div  class=\"block-db94ae5b-3fa4-4cee-832d-c2d86e7c3bc8 col areoi-element general-left parallax-bg col-12 col-lg-6\">\r\n\t\t\t\r\n\t\t<div class=\"areoi-background  \">\r\n\t\t\t<div class=\"container-fluid\" style=\"padding: 0;\">\r\n\t\t\t\t<div class=\"row justify-content-start\">\r\n\t\t\t\t\t<div class=\"col \">\r\n\t\t\t            <div class=\"areoi-background__color\" \r\n\t                        \tstyle=\"background: rgba(244, 244, 244,0.82)\">\r\n\t                        <\/div>\r\n\r\n\t                    \r\n\r\n\t                    \r\n\r\n\t                    \r\n\t    \t\t\t<\/div>\r\n\t    \t\t<\/div>\r\n\t    \t<\/div>\r\n\t    <\/div>\r\n\t\r\n\t\t\t\n\n<p class=\"has-large-font-size\"><strong>Sachverst\u00e4ndigenb\u00fcro Michael Tr\u00fcbswetter<\/strong><\/p>\n\n\n\n<p class=\"has-medium-font-size\">Leopoldstrasse 244<br\/>80807 M\u00fcnchen<\/p>\n\n\n\n<p class=\"has-medium-font-size\"><a class=\"customer-phone\" href=\"tel:+498969797347\"><i class=\"fas fa-phone\"><\/i> +49 89 69 797 347<\/a><br\/><a href=\"#\" class=\"cryptedmail\" data-name=\"kontakt\" data-domain=\"sv-truebswetter\" data-tld=\"de\" onclick=\"window.location.href = 'mailto:' + this.dataset.name + '@' + this.dataset.domain + '.' + this.dataset.tld; return false;\"><i class=\"fas fa-envelope\"><\/i> <\/a><\/p>\n\n\n\n<hr class=\"wp-block-separator has-alpha-channel-opacity\"\/>\n\n\n\n<p class=\"has-large-font-size\"><strong>Office Rosenheim<\/strong><\/p>\n\n\n\n<p class=\"has-medium-font-size\">Lessingstra\u00dfe 2<br\/>83026 Rosenheim<\/p>\n\n\n\n<p class=\"has-medium-font-size\"><a class=\"customer-phone\" href=\"tel:+4980312009011\"><i class=\"fas fa-phone\"><\/i> +49 8031 200 90 11<\/a><\/p>\n\n\n\n<div style=\"height:30px\" aria-hidden=\"true\" class=\"wp-block-spacer\"><\/div>\n\n\n\n<p class=\"has-large-font-size\"><strong>Office Frankfurt am Main<\/strong><\/p>\n\n\n\n<p class=\"has-medium-font-size\">Theodor-Heuss-Allee 115<br\/>60486 Frankfurt am Main<\/p>\n\n\n\n<p class=\"has-medium-font-size\"><a class=\"customer-phone\" href=\"tel:+4969667741140\"><i class=\"fas fa-phone\"><\/i> +49 69 6677 41 140<\/a><\/p>\n\n\n\n<div style=\"height:30px\" aria-hidden=\"true\" class=\"wp-block-spacer\"><\/div>\n\n\n\n<p class=\"has-large-font-size\"><strong>Offfice Mannheim<\/strong><\/p>\n\n\n\n<p class=\"has-medium-font-size\">Dynamostra\u00dfe 13<br\/>68165 Mannheim<\/p>\n\n\n\n<p class=\"has-medium-font-size\"><a class=\"customer-phone\" href=\"tel:+4962143855323\"><i class=\"fas fa-phone\"><\/i> +49 621 438 55 323<\/a><\/p>\n\n \r\n\t\t\t\r\n\t\t<\/div>\r\n\t\n\n\r\n\t\t<div  class=\"block-ba23d3f1-ac50-4a84-afbf-df568f34e83e col areoi-element col-12 col-lg-6\">\r\n\t\t\t\r\n\t\t\t\n\n<div class=\"wp-block-contact-form-7-contact-form-selector\">\n<div class=\"wpcf7 no-js\" id=\"wpcf7-f609-o1\" lang=\"en-US\" dir=\"ltr\" data-wpcf7-id=\"609\">\n<div class=\"screen-reader-response\"><p role=\"status\" aria-live=\"polite\" aria-atomic=\"true\"><\/p> <ul><\/ul><\/div>\n<form action=\"\/en\/wp-json\/wp\/v2\/pages\/562#wpcf7-f609-o1\" method=\"post\" class=\"wpcf7-form init\" aria-label=\"Contact form\" novalidate=\"novalidate\" data-status=\"init\">\n<fieldset class=\"hidden-fields-container\"><input type=\"hidden\" name=\"_wpcf7\" value=\"609\" \/><input type=\"hidden\" name=\"_wpcf7_version\" value=\"6.1.4\" \/><input type=\"hidden\" name=\"_wpcf7_locale\" value=\"en_US\" \/><input type=\"hidden\" name=\"_wpcf7_unit_tag\" value=\"wpcf7-f609-o1\" \/><input type=\"hidden\" name=\"_wpcf7_container_post\" value=\"0\" \/><input type=\"hidden\" name=\"_wpcf7_posted_data_hash\" value=\"\" \/>\n<\/fieldset>\n<p><label> Your name*<br \/>\n<span class=\"wpcf7-form-control-wrap\" data-name=\"your-name\"><input size=\"40\" maxlength=\"400\" class=\"wpcf7-form-control wpcf7-text wpcf7-validates-as-required\" autocomplete=\"name\" aria-required=\"true\" aria-invalid=\"false\" value=\"\" type=\"text\" name=\"your-name\" \/><\/span> <\/label>\n<\/p>\n<p><label> Your email address*<br \/>\n<span class=\"wpcf7-form-control-wrap\" data-name=\"email\"><input size=\"40\" maxlength=\"400\" class=\"wpcf7-form-control wpcf7-email wpcf7-validates-as-required wpcf7-text wpcf7-validates-as-email\" autocomplete=\"email\" aria-required=\"true\" aria-invalid=\"false\" value=\"\" type=\"email\" name=\"email\" \/><\/span> <\/label>\n<\/p>\n<p><label> Your phone number*<br \/>\n<span class=\"wpcf7-form-control-wrap\" data-name=\"telephone\"><input size=\"40\" maxlength=\"400\" class=\"wpcf7-form-control wpcf7-tel wpcf7-validates-as-required wpcf7-text wpcf7-validates-as-tel\" autocomplete=\"tel\" aria-required=\"true\" aria-invalid=\"false\" value=\"\" type=\"tel\" name=\"telephone\" \/><\/span> <\/label>\n<\/p>\n<p><label> Your request*<br \/>\n<span class=\"wpcf7-form-control-wrap\" data-name=\"subject\"><input size=\"40\" maxlength=\"400\" class=\"wpcf7-form-control wpcf7-text wpcf7-validates-as-required\" aria-required=\"true\" aria-invalid=\"false\" value=\"\" type=\"text\" name=\"subject\" \/><\/span> <\/label>\n<\/p>\n<p><label> Your message (optional)<br \/>\n<span class=\"wpcf7-form-control-wrap\" data-name=\"message\"><textarea cols=\"40\" rows=\"10\" maxlength=\"2000\" class=\"wpcf7-form-control wpcf7-textarea\" aria-invalid=\"false\" name=\"message\"><\/textarea><\/span> <\/label><br \/>\n<span class=\"wpcf7-form-control-wrap\" data-name=\"random-math-quiz\"><label><span class=\"wpcf7-quiz-label\">Spam protection: What is one plus two? (Please enter a number)<\/span> <input size=\"40\" class=\"wpcf7-form-control wpcf7-quiz\" autocomplete=\"off\" aria-required=\"true\" aria-invalid=\"false\" type=\"text\" name=\"random-math-quiz\" \/><\/label><input type=\"hidden\" name=\"_wpcf7_quiz_answer_random-math-quiz\" value=\"06fc460fc18d67622de8a15a5eaffbec\" \/><\/span>\n<\/p>\n<p><span id=\"wpcf7-69dfb23c897df-wrapper\" class=\"wpcf7-form-control-wrap honeypot-907-wrap\" ><label for=\"wpcf7-69dfb23c897df-field\" class=\"hp-message\">Please leave this field empty.<\/label><input id=\"wpcf7-69dfb23c897df-field\"  class=\"wpcf7-form-control wpcf7-text\" type=\"text\" name=\"honeypot-907\" value=\"\" size=\"40\" tabindex=\"-1\" autocomplete=\"new-password\" \/><\/span>\n<\/p>\n<p><span class=\"wpcf7-form-control-wrap\" data-name=\"your-consent\"><span class=\"wpcf7-form-control wpcf7-acceptance\"><span class=\"wpcf7-list-item\"><label><input type=\"checkbox\" name=\"your-consent\" value=\"1\" aria-invalid=\"false\" \/><span class=\"wpcf7-list-item-label\">By using this form, I consent to the storage and processing of my data by this website. See our. <a target=\"_blank\" href=\"\/en\/privacy-policy\/\">Privacy Policy\/Data Protection Statement.<\/a>  *<\/span><\/label><\/span><\/span><\/span>\n<\/p>\n<p><input class=\"wpcf7-form-control wpcf7-submit has-spinner btn-ppc btn\" type=\"submit\" value=\"Abschicken\" \/>\n<\/p><div class=\"wpcf7-response-output\" aria-hidden=\"true\"><\/div>\n<\/form>\n<\/div>\n<\/div>\n\n \r\n\t\t\t\r\n\t\t<\/div>\r\n\t\n \r\n\t\t<\/div>\r\n\t\n \r\n\t\t<\/div>\r\n\t","protected":false},"excerpt":{"rendered":"<p> [&#8230;]<\/p>\n<p><a class=\"btn btn-secondary understrap-read-more-link\" href=\"https:\/\/www.sv-truebswetter.de\/en\/contact\/\">Read More&#8230;<\/a><\/p>\n","protected":false},"author":1,"featured_media":0,"parent":0,"menu_order":0,"comment_status":"closed","ping_status":"closed","template":"","meta":{"footnotes":""},"class_list":["post-562","page","type-page","status-publish","hentry"],"_links":{"self":[{"href":"https:\/\/www.sv-truebswetter.de\/en\/wp-json\/wp\/v2\/pages\/562","targetHints":{"allow":["GET"]}}],"collection":[{"href":"https:\/\/www.sv-truebswetter.de\/en\/wp-json\/wp\/v2\/pages"}],"about":[{"href":"https:\/\/www.sv-truebswetter.de\/en\/wp-json\/wp\/v2\/types\/page"}],"author":[{"embeddable":true,"href":"https:\/\/www.sv-truebswetter.de\/en\/wp-json\/wp\/v2\/users\/1"}],"replies":[{"embeddable":true,"href":"https:\/\/www.sv-truebswetter.de\/en\/wp-json\/wp\/v2\/comments?post=562"}],"version-history":[{"count":1,"href":"https:\/\/www.sv-truebswetter.de\/en\/wp-json\/wp\/v2\/pages\/562\/revisions"}],"predecessor-version":[{"id":563,"href":"https:\/\/www.sv-truebswetter.de\/en\/wp-json\/wp\/v2\/pages\/562\/revisions\/563"}],"wp:attachment":[{"href":"https:\/\/www.sv-truebswetter.de\/en\/wp-json\/wp\/v2\/media?parent=562"}],"curies":[{"name":"wp","href":"https:\/\/api.w.org\/{rel}","templated":true}]}}